{"id":98,"date":"2024-10-14T03:28:29","date_gmt":"2024-10-14T01:28:29","guid":{"rendered":"https:\/\/raum-fuer-koerperarbeit.de\/?page_id=98"},"modified":"2024-10-24T15:50:18","modified_gmt":"2024-10-24T13:50:18","slug":"impressum","status":"publish","type":"page","link":"https:\/\/raum-fuer-koerperarbeit.de\/index.php\/kontakt\/impressum\/","title":{"rendered":"Impressum"},"content":{"rendered":"\t\t<div data-elementor-type=\"wp-page\" data-elementor-id=\"98\" class=\"elementor elementor-98\">\n\t\t\t\t<div class=\"elementor-element elementor-element-3a07195 e-flex e-con-boxed e-con e-parent\" data-id=\"3a07195\" data-element_type=\"container\" data-e-type=\"container\">\n\t\t\t\t\t<div class=\"e-con-inner\">\n\t\t\t\t<div class=\"elementor-element elementor-element-5427543 elementor-widget elementor-widget-image\" data-id=\"5427543\" data-element_type=\"widget\" data-e-type=\"widget\" data-widget_type=\"image.default\">\n\t\t\t\t<div class=\"elementor-widget-container\">\n\t\t\t\t\t\t\t\t\t\t\t\t\t\t\t<img fetchpriority=\"high\" decoding=\"async\" width=\"1024\" height=\"264\" src=\"https:\/\/raum-fuer-koerperarbeit.de\/wp-content\/uploads\/2024\/10\/BackgroundAUSSCHNITT-1-1024x264.webp\" class=\"attachment-large size-large wp-image-134\" alt=\"\" srcset=\"https:\/\/raum-fuer-koerperarbeit.de\/wp-content\/uploads\/2024\/10\/BackgroundAUSSCHNITT-1-1024x264.webp 1024w, https:\/\/raum-fuer-koerperarbeit.de\/wp-content\/uploads\/2024\/10\/BackgroundAUSSCHNITT-1-300x77.webp 300w, https:\/\/raum-fuer-koerperarbeit.de\/wp-content\/uploads\/2024\/10\/BackgroundAUSSCHNITT-1-768x198.webp 768w, https:\/\/raum-fuer-koerperarbeit.de\/wp-content\/uploads\/2024\/10\/BackgroundAUSSCHNITT-1-1536x396.webp 1536w, https:\/\/raum-fuer-koerperarbeit.de\/wp-content\/uploads\/2024\/10\/BackgroundAUSSCHNITT-1.webp 1645w\" sizes=\"(max-width: 1024px) 100vw, 1024px\" \/>\t\t\t\t\t\t\t\t\t\t\t\t\t\t\t<\/div>\n\t\t\t\t<\/div>\n\t\t\t\t\t<\/div>\n\t\t\t\t<\/div>\n\t\t<div class=\"elementor-element elementor-element-12938fbb e-con-full e-flex e-con e-parent\" data-id=\"12938fbb\" data-element_type=\"container\" data-e-type=\"container\">\n\t\t\t\t<div class=\"elementor-element elementor-element-4bc14546 elementor-widget__width-initial elementor-widget elementor-widget-text-editor\" data-id=\"4bc14546\" data-element_type=\"widget\" data-e-type=\"widget\" data-widget_type=\"text-editor.default\">\n\t\t\t\t<div class=\"elementor-widget-container\">\n\t\t\t\t\t\t\t\t\t\n<hr class=\"wp-block-separator has-alpha-channel-opacity\"\/>\n\n\n\n<p><strong>Verantwortlich<\/strong><\/p>\n\n\n\n<p>Kathrin Livland<\/p>\n\n\n\n<p>Raum f\u00fcr K\u00f6rperarbeit<\/p>\n\n\n\n<p>Heilpraktikerin f\u00fcr Psychotherapie<\/p>\n\n\n\n<p>Heinrich-Roller-Str. 25<\/p>\n\n\n\n<p>10405 Berlin<\/p>\n\n\n\n<p><strong>Kontakt<\/strong><\/p>\n\n\n\n<p>Telefon: 0163\u2013741 70 66<\/p>\n\n\n\n<p>Mail: kontakt@raum-fuer-koerperarbeit.de<\/p>\n\n\n\n<p>Hiermit widerspreche ich ausdr\u00fccklich der Nutzung der im Rahmen der Impressumspflicht ver\u00f6ffentlichten Kontaktdaten zur \u00dcbersendung nicht ausdr\u00fccklich angeforderter Werbung und Informationen.<\/p>\n\n\n\n<p><strong>Zulassung<\/strong><\/p>\n\n\n\n<p>Erlaubnis zur berufsm\u00e4\u00dfigen Aus\u00fcbung der Heilkunde ohne Bestallung nach dem Heilpraktikergesetz (HPG) \u00a71 Absatz 1, beschr\u00e4nkt auf das Gebiet der Psychotherapie. Erteilt durch das Gesundheitsamt Berlin Lichtenberg am 04.12.2013.<\/p>\n\n\n\n<p>Aufsichtsbeh\u00f6rde: Landesamt f\u00fcr Gesundheit und Soziales Berlin<\/p>\n\n\n\n<p>Umsatzsteuerbefreit nach \u00a74 Nr. 14a UStG.<\/p>\n\n\n\n<p><strong>Berufsrechtliche Regelung<\/strong><\/p>\n\n\n\n<p>Heilpraktikergesetz<\/p>\n\n\n\n<p>Erste Durchf\u00fchrungsverordnung zum Gesetz \u00fcber die berufs-m\u00e4\u00dfige Aus\u00fcbung der Heilkunde ohne Bestallung<\/p>\n\n\n\n<p>Berufsordnung f\u00fcr Heilpraktiker<\/p>\n\n\n\n<p>Heilmittelwerbegesetz<\/p>\n\n\n\n<hr class=\"wp-block-separator has-alpha-channel-opacity\"\/>\n\n\n\n<h6 class=\"wp-block-heading\"><strong>Disclaimer \u2013 rechtliche Hinweise<\/strong><\/h6>\n\n\n\n<p><br>\u00a7 1 Warnhinweis zu Inhalten<br>Die kostenlosen und frei zug\u00e4nglichen Inhalte dieser Webseite wurden mit gr\u00f6\u00dftm\u00f6glicher Sorgfalt erstellt. Der Anbieter dieser Webseite \u00fcbernimmt jedoch keine Gew\u00e4hr f\u00fcr die Richtigkeit und Aktualit\u00e4t. Allein durch den Aufruf der Inhalte kommt keinerlei Vertragsverh\u00e4ltnis zwischen dem Nutzer und dem Anbieter zustande.<br><br>\u00a7 2 Externe Links<br>Diese Website enth\u00e4lt Verkn\u00fcpfungen zu Websites Dritter (&#8222;externe Links&#8220;). Diese Websites unterliegen der Haftung der jeweiligen Betreiber. Der Anbieter hat bei der erstmaligen Verkn\u00fcpfung der externen Links die fremden Inhalte daraufhin \u00fcberpr\u00fcft, ob etwaige Rechtsverst\u00f6\u00dfe bestehen. Zu dem Zeitpunkt waren keine Rechtsverst\u00f6\u00dfe ersichtlich. Der Anbieter hat keinerlei Einfluss auf die aktuelle und zuk\u00fcnftige Gestaltung und auf die Inhalte der verkn\u00fcpften Seiten. Das Setzen von externen Links bedeutet nicht, dass sich der Anbieter die hinter dem Verweis oder Link liegenden Inhalte zu Eigen macht. Eine st\u00e4ndige Kontrolle der externen Links ist f\u00fcr den Anbieter ohne konkrete Hinweise auf Rechtsverst\u00f6\u00dfe nicht zumutbar. Bei Kenntnis von Rechtsverst\u00f6\u00dfen werden jedoch derartige externe Links unverz\u00fcglich gel\u00f6scht.<br><br>\u00a7 3 Urheber- und Leistungsschutzrechte<br>Die auf dieser Website ver\u00f6ffentlichten Inhalte unterliegen dem deutschen Urheber- und Leistungsschutzrecht. Jede vom deutschen Urheber- und Leistungsschutzrecht nicht zugelassene Verwertung bedarf der vorherigen schriftlichen Zustimmung des Anbieters oder jeweiligen Rechteinhabers. Dies gilt insbesondere f\u00fcr Vervielf\u00e4ltigung, Bearbeitung, \u00dcbersetzung, Einspeicherung, Verarbeitung bzw. Wiedergabe von Inhalten in Datenbanken oder anderen elektronischen Medien und Systemen. Inhalte und Rechte Dritter sind dabei als solche gekennzeichnet. Die unerlaubte Vervielf\u00e4ltigung oder Weitergabe einzelner Inhalte oder kompletter Seiten ist nicht gestattet und strafbar. Lediglich die Herstellung von Kopien und Downloads f\u00fcr den pers\u00f6nlichen, privaten und nicht kommerziellen Gebrauch ist erlaubt.<br><br>Die Darstellung dieser Website in fremden Frames ist nur mit schriftlicher Erlaubnis zul\u00e4ssig.<br><br>\u00a7 4 Besondere Nutzungsbedingungen<br>Soweit besondere Bedingungen f\u00fcr einzelne Nutzungen dieser Website von den vorgenannten Paragraphen abweichen, wird an entsprechender Stelle ausdr\u00fccklich darauf hingewiesen. In diesem Falle gelten im jeweiligen Einzelfall die besonderen Nutzungsbedingungen.<\/p>\n\n\n\n<hr class=\"wp-block-separator has-alpha-channel-opacity\"\/>\n\t\t\t\t\t\t\t\t<\/div>\n\t\t\t\t<\/div>\n\t\t\t\t<\/div>\n\t\t\t\t<\/div>\n\t\t","protected":false},"excerpt":{"rendered":"<p>Verantwortlich Kathrin Livland Raum f\u00fcr K\u00f6rperarbeit Heilpraktikerin f\u00fcr Psychotherapie Heinrich-Roller-Str. 25 10405 Berlin Kontakt Telefon: 0163\u2013741 70 66 Mail: kontakt@raum-fuer-koerperarbeit.de [&hellip;]<\/p>\n","protected":false},"author":1,"featured_media":0,"parent":93,"menu_order":0,"comment_status":"closed","ping_status":"closed","template":"","meta":{"site-sidebar-layout":"default","site-content-layout":"","ast-site-content-layout":"default","site-content-style":"default","site-sidebar-style":"default","ast-global-header-display":"","ast-banner-title-visibility":"","ast-main-header-display":"","ast-hfb-above-header-display":"","ast-hfb-below-header-display":"","ast-hfb-mobile-header-display":"","site-post-title":"","ast-breadcrumbs-content":"","ast-featured-img":"","footer-sml-layout":"","theme-transparent-header-meta":"","adv-header-id-meta":"","stick-header-meta":"","header-above-stick-meta":"","header-main-stick-meta":"","header-below-stick-meta":"","astra-migrate-meta-layouts":"default","ast-page-background-enabled":"default","ast-page-background-meta":{"desktop":{"background-color":"var(--ast-global-color-4)","background-image":"","background-repeat":"repeat","background-position":"center center","background-size":"auto","background-attachment":"scroll","background-type":"","background-media":"","overlay-type":"","overlay-color":"","overlay-opacity":"","overlay-gradient":""},"tablet":{"background-color":"","background-image":"","background-repeat":"repeat","background-position":"center center","background-size":"auto","background-attachment":"scroll","background-type":"","background-media":"","overlay-type":"","overlay-color":"","overlay-opacity":"","overlay-gradient":""},"mobile":{"background-color":"","background-image":"","background-repeat":"repeat","background-position":"center center","background-size":"auto","background-attachment":"scroll","background-type":"","background-media":"","overlay-type":"","overlay-color":"","overlay-opacity":"","overlay-gradient":""}},"ast-content-background-meta":{"desktop":{"background-color":"var(--ast-global-color-5)","background-image":"","background-repeat":"repeat","background-position":"center center","background-size":"auto","background-attachment":"scroll","background-type":"","background-media":"","overlay-type":"","overlay-color":"","overlay-opacity":"","overlay-gradient":""},"tablet":{"background-color":"var(--ast-global-color-5)","background-image":"","background-repeat":"repeat","background-position":"center center","background-size":"auto","background-attachment":"scroll","background-type":"","background-media":"","overlay-type":"","overlay-color":"","overlay-opacity":"","overlay-gradient":""},"mobile":{"background-color":"var(--ast-global-color-5)","background-image":"","background-repeat":"repeat","background-position":"center center","background-size":"auto","background-attachment":"scroll","background-type":"","background-media":"","overlay-type":"","overlay-color":"","overlay-opacity":"","overlay-gradient":""}},"_kadence_starter_templates_imported_post":false,"footnotes":""},"class_list":["post-98","page","type-page","status-publish","hentry"],"_links":{"self":[{"href":"https:\/\/raum-fuer-koerperarbeit.de\/index.php\/wp-json\/wp\/v2\/pages\/98","targetHints":{"allow":["GET"]}}],"collection":[{"href":"https:\/\/raum-fuer-koerperarbeit.de\/index.php\/wp-json\/wp\/v2\/pages"}],"about":[{"href":"https:\/\/raum-fuer-koerperarbeit.de\/index.php\/wp-json\/wp\/v2\/types\/page"}],"author":[{"embeddable":true,"href":"https:\/\/raum-fuer-koerperarbeit.de\/index.php\/wp-json\/wp\/v2\/users\/1"}],"replies":[{"embeddable":true,"href":"https:\/\/raum-fuer-koerperarbeit.de\/index.php\/wp-json\/wp\/v2\/comments?post=98"}],"version-history":[{"count":12,"href":"https:\/\/raum-fuer-koerperarbeit.de\/index.php\/wp-json\/wp\/v2\/pages\/98\/revisions"}],"predecessor-version":[{"id":348,"href":"https:\/\/raum-fuer-koerperarbeit.de\/index.php\/wp-json\/wp\/v2\/pages\/98\/revisions\/348"}],"up":[{"embeddable":true,"href":"https:\/\/raum-fuer-koerperarbeit.de\/index.php\/wp-json\/wp\/v2\/pages\/93"}],"wp:attachment":[{"href":"https:\/\/raum-fuer-koerperarbeit.de\/index.php\/wp-json\/wp\/v2\/media?parent=98"}],"curies":[{"name":"wp","href":"https:\/\/api.w.org\/{rel}","templated":true}]}}