{"id":93,"date":"2024-10-14T03:18:01","date_gmt":"2024-10-14T01:18:01","guid":{"rendered":"https:\/\/raum-fuer-koerperarbeit.de\/?page_id=93"},"modified":"2025-07-30T10:51:05","modified_gmt":"2025-07-30T08:51:05","slug":"kontakt","status":"publish","type":"page","link":"https:\/\/raum-fuer-koerperarbeit.de\/index.php\/kontakt\/","title":{"rendered":"Kontakt"},"content":{"rendered":"\t\t<div data-elementor-type=\"wp-page\" data-elementor-id=\"93\" class=\"elementor elementor-93\">\n\t\t\t\t<div class=\"elementor-element elementor-element-924b280 e-flex e-con-boxed e-con e-parent\" data-id=\"924b280\" data-element_type=\"container\" data-e-type=\"container\">\n\t\t\t\t\t<div class=\"e-con-inner\">\n\t\t\t\t<div class=\"elementor-element elementor-element-20c2b23 elementor-widget elementor-widget-image\" data-id=\"20c2b23\" data-element_type=\"widget\" data-e-type=\"widget\" data-widget_type=\"image.default\">\n\t\t\t\t<div class=\"elementor-widget-container\">\n\t\t\t\t\t\t\t\t\t\t\t\t\t\t\t<img fetchpriority=\"high\" decoding=\"async\" width=\"1024\" height=\"264\" src=\"https:\/\/raum-fuer-koerperarbeit.de\/wp-content\/uploads\/2024\/10\/BackgroundAUSSCHNITT-1-1024x264.webp\" class=\"attachment-large size-large wp-image-134\" alt=\"\" srcset=\"https:\/\/raum-fuer-koerperarbeit.de\/wp-content\/uploads\/2024\/10\/BackgroundAUSSCHNITT-1-1024x264.webp 1024w, https:\/\/raum-fuer-koerperarbeit.de\/wp-content\/uploads\/2024\/10\/BackgroundAUSSCHNITT-1-300x77.webp 300w, https:\/\/raum-fuer-koerperarbeit.de\/wp-content\/uploads\/2024\/10\/BackgroundAUSSCHNITT-1-768x198.webp 768w, https:\/\/raum-fuer-koerperarbeit.de\/wp-content\/uploads\/2024\/10\/BackgroundAUSSCHNITT-1-1536x396.webp 1536w, https:\/\/raum-fuer-koerperarbeit.de\/wp-content\/uploads\/2024\/10\/BackgroundAUSSCHNITT-1.webp 1645w\" sizes=\"(max-width: 1024px) 100vw, 1024px\" \/>\t\t\t\t\t\t\t\t\t\t\t\t\t\t\t<\/div>\n\t\t\t\t<\/div>\n\t\t\t\t\t<\/div>\n\t\t\t\t<\/div>\n\t\t<div class=\"elementor-element elementor-element-4da32016 e-con-full e-flex e-con e-parent\" data-id=\"4da32016\" data-element_type=\"container\" data-e-type=\"container\">\n\t\t\t\t<div class=\"elementor-element elementor-element-c372c1e elementor-widget elementor-widget-text-editor\" data-id=\"c372c1e\" data-element_type=\"widget\" data-e-type=\"widget\" data-widget_type=\"text-editor.default\">\n\t\t\t\t<div class=\"elementor-widget-container\">\n\t\t\t\t\t\t\t\t\t\n<p><strong>Kathrin Livland<\/strong><br \/>Raum f\u00fcr K\u00f6rperarbeit<\/p>\n\n<p>Heinrich-Roller-Str. 25<br \/>10405 Berlin<\/p>\n\n<p>Anfragen am besten \u00fcber Mail: kontakt(at)raum-fuer-koerperarbeit.de<\/p>\n<p>Telefon: 0163-741 70 66 <br \/>Bitte hinterlasse eine Nachricht auf dem Anrufbeantworter, am besten mit einer Zeit, zu der ich dich gut erreichen kann oder schreib eine sms\/Nachricht.<\/p>\n\n<p>\u00a0<\/p>\n<hr class=\"wp-block-separator has-alpha-channel-opacity is-style-wide\" \/>\t\t\t\t\t\t\t\t<\/div>\n\t\t\t\t<\/div>\n\t\t\t\t<\/div>\n\t\t\t\t<\/div>\n\t\t","protected":false},"excerpt":{"rendered":"<p>Kathrin LivlandRaum f\u00fcr K\u00f6rperarbeit Heinrich-Roller-Str. 2510405 Berlin Anfragen am besten \u00fcber Mail: kontakt(at)raum-fuer-koerperarbeit.de Telefon: 0163-741 70 66 Bitte hinterlasse eine [&hellip;]<\/p>\n","protected":false},"author":1,"featured_media":0,"parent":0,"menu_order":0,"comment_status":"closed","ping_status":"closed","template":"","meta":{"site-sidebar-layout":"default","site-content-layout":"","ast-site-content-layout":"default","site-content-style":"default","site-sidebar-style":"default","ast-global-header-display":"","ast-banner-title-visibility":"","ast-main-header-display":"","ast-hfb-above-header-display":"","ast-hfb-below-header-display":"","ast-hfb-mobile-header-display":"","site-post-title":"","ast-breadcrumbs-content":"","ast-featured-img":"","footer-sml-layout":"","theme-transparent-header-meta":"","adv-header-id-meta":"","stick-header-meta":"","header-above-stick-meta":"","header-main-stick-meta":"","header-below-stick-meta":"","astra-migrate-meta-layouts":"default","ast-page-background-enabled":"default","ast-page-background-meta":{"desktop":{"background-color":"var(--ast-global-color-4)","background-image":"","background-repeat":"repeat","background-position":"center center","background-size":"auto","background-attachment":"scroll","background-type":"","background-media":"","overlay-type":"","overlay-color":"","overlay-opacity":"","overlay-gradient":""},"tablet":{"background-color":"","background-image":"","background-repeat":"repeat","background-position":"center center","background-size":"auto","background-attachment":"scroll","background-type":"","background-media":"","overlay-type":"","overlay-color":"","overlay-opacity":"","overlay-gradient":""},"mobile":{"background-color":"","background-image":"","background-repeat":"repeat","background-position":"center center","background-size":"auto","background-attachment":"scroll","background-type":"","background-media":"","overlay-type":"","overlay-color":"","overlay-opacity":"","overlay-gradient":""}},"ast-content-background-meta":{"desktop":{"background-color":"var(--ast-global-color-5)","background-image":"","background-repeat":"repeat","background-position":"center center","background-size":"auto","background-attachment":"scroll","background-type":"","background-media":"","overlay-type":"","overlay-color":"","overlay-opacity":"","overlay-gradient":""},"tablet":{"background-color":"var(--ast-global-color-5)","background-image":"","background-repeat":"repeat","background-position":"center center","background-size":"auto","background-attachment":"scroll","background-type":"","background-media":"","overlay-type":"","overlay-color":"","overlay-opacity":"","overlay-gradient":""},"mobile":{"background-color":"var(--ast-global-color-5)","background-image":"","background-repeat":"repeat","background-position":"center center","background-size":"auto","background-attachment":"scroll","background-type":"","background-media":"","overlay-type":"","overlay-color":"","overlay-opacity":"","overlay-gradient":""}},"_kadence_starter_templates_imported_post":false,"footnotes":""},"class_list":["post-93","page","type-page","status-publish","hentry"],"_links":{"self":[{"href":"https:\/\/raum-fuer-koerperarbeit.de\/index.php\/wp-json\/wp\/v2\/pages\/93","targetHints":{"allow":["GET"]}}],"collection":[{"href":"https:\/\/raum-fuer-koerperarbeit.de\/index.php\/wp-json\/wp\/v2\/pages"}],"about":[{"href":"https:\/\/raum-fuer-koerperarbeit.de\/index.php\/wp-json\/wp\/v2\/types\/page"}],"author":[{"embeddable":true,"href":"https:\/\/raum-fuer-koerperarbeit.de\/index.php\/wp-json\/wp\/v2\/users\/1"}],"replies":[{"embeddable":true,"href":"https:\/\/raum-fuer-koerperarbeit.de\/index.php\/wp-json\/wp\/v2\/comments?post=93"}],"version-history":[{"count":35,"href":"https:\/\/raum-fuer-koerperarbeit.de\/index.php\/wp-json\/wp\/v2\/pages\/93\/revisions"}],"predecessor-version":[{"id":547,"href":"https:\/\/raum-fuer-koerperarbeit.de\/index.php\/wp-json\/wp\/v2\/pages\/93\/revisions\/547"}],"wp:attachment":[{"href":"https:\/\/raum-fuer-koerperarbeit.de\/index.php\/wp-json\/wp\/v2\/media?parent=93"}],"curies":[{"name":"wp","href":"https:\/\/api.w.org\/{rel}","templated":true}]}}