{"id":88,"date":"2024-10-14T03:10:17","date_gmt":"2024-10-14T01:10:17","guid":{"rendered":"https:\/\/raum-fuer-koerperarbeit.de\/?page_id=88"},"modified":"2024-12-12T19:39:33","modified_gmt":"2024-12-12T18:39:33","slug":"termine-aktuelles","status":"publish","type":"page","link":"https:\/\/raum-fuer-koerperarbeit.de\/index.php\/praxis\/termine-aktuelles\/","title":{"rendered":"Termine &amp; Aktuelles"},"content":{"rendered":"\t\t<div data-elementor-type=\"wp-page\" data-elementor-id=\"88\" class=\"elementor elementor-88\">\n\t\t\t\t<div class=\"elementor-element elementor-element-068a37e e-flex e-con-boxed e-con e-parent\" data-id=\"068a37e\" data-element_type=\"container\" data-e-type=\"container\">\n\t\t\t\t\t<div class=\"e-con-inner\">\n\t\t\t\t<div class=\"elementor-element elementor-element-01c241e elementor-widget elementor-widget-image\" data-id=\"01c241e\" data-element_type=\"widget\" data-e-type=\"widget\" data-widget_type=\"image.default\">\n\t\t\t\t<div class=\"elementor-widget-container\">\n\t\t\t\t\t\t\t\t\t\t\t\t\t\t\t<img fetchpriority=\"high\" decoding=\"async\" width=\"1024\" height=\"264\" src=\"https:\/\/raum-fuer-koerperarbeit.de\/wp-content\/uploads\/2024\/10\/BackgroundAUSSCHNITT-1-1024x264.webp\" class=\"attachment-large size-large wp-image-134\" alt=\"\" srcset=\"https:\/\/raum-fuer-koerperarbeit.de\/wp-content\/uploads\/2024\/10\/BackgroundAUSSCHNITT-1-1024x264.webp 1024w, https:\/\/raum-fuer-koerperarbeit.de\/wp-content\/uploads\/2024\/10\/BackgroundAUSSCHNITT-1-300x77.webp 300w, https:\/\/raum-fuer-koerperarbeit.de\/wp-content\/uploads\/2024\/10\/BackgroundAUSSCHNITT-1-768x198.webp 768w, https:\/\/raum-fuer-koerperarbeit.de\/wp-content\/uploads\/2024\/10\/BackgroundAUSSCHNITT-1-1536x396.webp 1536w, https:\/\/raum-fuer-koerperarbeit.de\/wp-content\/uploads\/2024\/10\/BackgroundAUSSCHNITT-1.webp 1645w\" sizes=\"(max-width: 1024px) 100vw, 1024px\" \/>\t\t\t\t\t\t\t\t\t\t\t\t\t\t\t<\/div>\n\t\t\t\t<\/div>\n\t\t\t\t\t<\/div>\n\t\t\t\t<\/div>\n\t\t<div class=\"elementor-element elementor-element-3ecb1f1f e-con-full e-flex e-con e-parent\" data-id=\"3ecb1f1f\" data-element_type=\"container\" data-e-type=\"container\">\n\t\t\t\t<div class=\"elementor-element elementor-element-2f1ff649 elementor-widget elementor-widget-text-editor\" data-id=\"2f1ff649\" data-element_type=\"widget\" data-e-type=\"widget\" data-widget_type=\"text-editor.default\">\n\t\t\t\t<div class=\"elementor-widget-container\">\n\t\t\t\t\t\t\t\t\t\n<div class=\"wp-block-columns is-layout-flex wp-container-core-columns-is-layout-28f84493 wp-block-columns-is-layout-flex\">\n<div class=\"wp-block-column is-layout-flow wp-block-column-is-layout-flow\">\n<p>Termine\u00a0&#8211; nach Vereinbarung<\/p>\n\n<p>allgemein Montag bis Freitag zwischen 9:00 und 18:00.<\/p>\n\n<p>Ausnahmen sind m\u00f6glich.<\/p>\n\n<p>Eine Terminvereinbarung funktioniert am einfachsten \u00fcber Mail, ich rufe aber auch gerne zur\u00fcck, wenn du mir eine Nachricht auf dem Anrufbeantworter hinterl\u00e4sst.<\/p>\n\n<p>Ich freue mich!<\/p>\n<\/div>\n\n<div class=\"wp-block-column is-layout-flow wp-block-column-is-layout-flow\">\n<p>\u00a0<\/p>\n<\/div>\n<\/div>\n\n<p>\u00a0<\/p>\n\t\t\t\t\t\t\t\t<\/div>\n\t\t\t\t<\/div>\n\t\t\t\t<\/div>\n\t\t\t\t<\/div>\n\t\t","protected":false},"excerpt":{"rendered":"<p>Termine\u00a0&#8211; nach Vereinbarung allgemein Montag bis Freitag zwischen 9:00 und 18:00. Ausnahmen sind m\u00f6glich. Eine Terminvereinbarung funktioniert am einfachsten \u00fcber [&hellip;]<\/p>\n","protected":false},"author":1,"featured_media":0,"parent":75,"menu_order":0,"comment_status":"closed","ping_status":"closed","template":"","meta":{"site-sidebar-layout":"default","site-content-layout":"","ast-site-content-layout":"default","site-content-style":"default","site-sidebar-style":"default","ast-global-header-display":"","ast-banner-title-visibility":"","ast-main-header-display":"","ast-hfb-above-header-display":"","ast-hfb-below-header-display":"","ast-hfb-mobile-header-display":"","site-post-title":"","ast-breadcrumbs-content":"","ast-featured-img":"","footer-sml-layout":"","theme-transparent-header-meta":"","adv-header-id-meta":"","stick-header-meta":"","header-above-stick-meta":"","header-main-stick-meta":"","header-below-stick-meta":"","astra-migrate-meta-layouts":"default","ast-page-background-enabled":"default","ast-page-background-meta":{"desktop":{"background-color":"var(--ast-global-color-4)","background-image":"","background-repeat":"repeat","background-position":"center center","background-size":"auto","background-attachment":"scroll","background-type":"","background-media":"","overlay-type":"","overlay-color":"","overlay-opacity":"","overlay-gradient":""},"tablet":{"background-color":"","background-image":"","background-repeat":"repeat","background-position":"center center","background-size":"auto","background-attachment":"scroll","background-type":"","background-media":"","overlay-type":"","overlay-color":"","overlay-opacity":"","overlay-gradient":""},"mobile":{"background-color":"","background-image":"","background-repeat":"repeat","background-position":"center center","background-size":"auto","background-attachment":"scroll","background-type":"","background-media":"","overlay-type":"","overlay-color":"","overlay-opacity":"","overlay-gradient":""}},"ast-content-background-meta":{"desktop":{"background-color":"var(--ast-global-color-5)","background-image":"","background-repeat":"repeat","background-position":"center center","background-size":"auto","background-attachment":"scroll","background-type":"","background-media":"","overlay-type":"","overlay-color":"","overlay-opacity":"","overlay-gradient":""},"tablet":{"background-color":"var(--ast-global-color-5)","background-image":"","background-repeat":"repeat","background-position":"center center","background-size":"auto","background-attachment":"scroll","background-type":"","background-media":"","overlay-type":"","overlay-color":"","overlay-opacity":"","overlay-gradient":""},"mobile":{"background-color":"var(--ast-global-color-5)","background-image":"","background-repeat":"repeat","background-position":"center center","background-size":"auto","background-attachment":"scroll","background-type":"","background-media":"","overlay-type":"","overlay-color":"","overlay-opacity":"","overlay-gradient":""}},"_kadence_starter_templates_imported_post":false,"footnotes":""},"class_list":["post-88","page","type-page","status-publish","hentry"],"_links":{"self":[{"href":"https:\/\/raum-fuer-koerperarbeit.de\/index.php\/wp-json\/wp\/v2\/pages\/88","targetHints":{"allow":["GET"]}}],"collection":[{"href":"https:\/\/raum-fuer-koerperarbeit.de\/index.php\/wp-json\/wp\/v2\/pages"}],"about":[{"href":"https:\/\/raum-fuer-koerperarbeit.de\/index.php\/wp-json\/wp\/v2\/types\/page"}],"author":[{"embeddable":true,"href":"https:\/\/raum-fuer-koerperarbeit.de\/index.php\/wp-json\/wp\/v2\/users\/1"}],"replies":[{"embeddable":true,"href":"https:\/\/raum-fuer-koerperarbeit.de\/index.php\/wp-json\/wp\/v2\/comments?post=88"}],"version-history":[{"count":13,"href":"https:\/\/raum-fuer-koerperarbeit.de\/index.php\/wp-json\/wp\/v2\/pages\/88\/revisions"}],"predecessor-version":[{"id":519,"href":"https:\/\/raum-fuer-koerperarbeit.de\/index.php\/wp-json\/wp\/v2\/pages\/88\/revisions\/519"}],"up":[{"embeddable":true,"href":"https:\/\/raum-fuer-koerperarbeit.de\/index.php\/wp-json\/wp\/v2\/pages\/75"}],"wp:attachment":[{"href":"https:\/\/raum-fuer-koerperarbeit.de\/index.php\/wp-json\/wp\/v2\/media?parent=88"}],"curies":[{"name":"wp","href":"https:\/\/api.w.org\/{rel}","templated":true}]}}