{"id":68,"date":"2024-10-14T02:47:48","date_gmt":"2024-10-14T00:47:48","guid":{"rendered":"https:\/\/raum-fuer-koerperarbeit.de\/?page_id=68"},"modified":"2024-10-25T15:11:58","modified_gmt":"2024-10-25T13:11:58","slug":"wichtige-hinweise","status":"publish","type":"page","link":"https:\/\/raum-fuer-koerperarbeit.de\/index.php\/prozessorientierte-koerperarbeit\/wichtige-hinweise\/","title":{"rendered":"wichtige Hinweise"},"content":{"rendered":"\t\t<div data-elementor-type=\"wp-page\" data-elementor-id=\"68\" class=\"elementor elementor-68\">\n\t\t\t\t<div class=\"elementor-element elementor-element-06e3b46 e-flex e-con-boxed e-con e-parent\" data-id=\"06e3b46\" data-element_type=\"container\" data-e-type=\"container\">\n\t\t\t\t\t<div class=\"e-con-inner\">\n\t\t\t\t<div class=\"elementor-element elementor-element-db46358 elementor-widget elementor-widget-image\" data-id=\"db46358\" data-element_type=\"widget\" data-e-type=\"widget\" data-widget_type=\"image.default\">\n\t\t\t\t<div class=\"elementor-widget-container\">\n\t\t\t\t\t\t\t\t\t\t\t\t\t\t\t<img fetchpriority=\"high\" decoding=\"async\" width=\"1024\" height=\"264\" src=\"https:\/\/raum-fuer-koerperarbeit.de\/wp-content\/uploads\/2024\/10\/BackgroundAUSSCHNITT-1-1024x264.webp\" class=\"attachment-large size-large wp-image-134\" alt=\"\" srcset=\"https:\/\/raum-fuer-koerperarbeit.de\/wp-content\/uploads\/2024\/10\/BackgroundAUSSCHNITT-1-1024x264.webp 1024w, https:\/\/raum-fuer-koerperarbeit.de\/wp-content\/uploads\/2024\/10\/BackgroundAUSSCHNITT-1-300x77.webp 300w, https:\/\/raum-fuer-koerperarbeit.de\/wp-content\/uploads\/2024\/10\/BackgroundAUSSCHNITT-1-768x198.webp 768w, https:\/\/raum-fuer-koerperarbeit.de\/wp-content\/uploads\/2024\/10\/BackgroundAUSSCHNITT-1-1536x396.webp 1536w, https:\/\/raum-fuer-koerperarbeit.de\/wp-content\/uploads\/2024\/10\/BackgroundAUSSCHNITT-1.webp 1645w\" sizes=\"(max-width: 1024px) 100vw, 1024px\" \/>\t\t\t\t\t\t\t\t\t\t\t\t\t\t\t<\/div>\n\t\t\t\t<\/div>\n\t\t\t\t\t<\/div>\n\t\t\t\t<\/div>\n\t\t<div class=\"elementor-element elementor-element-c5841b8 e-grid e-con-full e-con e-parent\" data-id=\"c5841b8\" data-element_type=\"container\" data-e-type=\"container\">\n\t\t\t\t<div class=\"elementor-element elementor-element-2815c10 elementor-widget elementor-widget-text-editor\" data-id=\"2815c10\" data-element_type=\"widget\" data-e-type=\"widget\" data-widget_type=\"text-editor.default\">\n\t\t\t\t<div class=\"elementor-widget-container\">\n\t\t\t\t\t\t\t\t\t<p>Die Arbeit setzt eine gewisse emotionale und k\u00f6rperliche Belastbarkeit voraus, ebenso Konfliktbereitschaft sowie den Willen und die M\u00f6glichkeit Verantwortung in seinem Leben zu \u00fcbernehmen. Konkret ausgeschlossen ist die Arbeit daher bei:<\/p>\n<ul>\n<li>akuten Erkrankungen<\/li>\n<li>lebensbedrohlichen Zust\u00e4nden<\/li>\n<li>Drogenmissbrauch und Rauschzust\u00e4nden<\/li>\n<li>schwerwiegenden psychischen Erkrankungen<\/li>\n<\/ul>\n<p>Wenn du Zweifel, Unsicherheiten oder Fragen hast, stehe ich gerne f\u00fcr ein pers\u00f6nliches Gespr\u00e4ch zur Verf\u00fcgung. Auch in einem Erstgespr\u00e4ch gibt es Gelegenheit, solche Fragen zu kl\u00e4ren.<\/p>\n<div id=\"simple-translate\" class=\"simple-translate-system-theme\">\n<div>\n<div class=\"simple-translate-button isShow\" style=\"background-image: url('moz-extension:\/\/8fe8c9ef-862b-45d3-a86c-237f733cfa22\/icons\/512.png'); height: 22px; width: 22px; top: -18px; left: -7px;\">\u00a0<\/div>\n<div class=\"simple-translate-panel \" style=\"width: 300px; height: 200px; top: 0px; left: 0px; font-size: 13px;\">\n<div class=\"simple-translate-result-wrapper\" style=\"overflow: hidden;\">\n<div class=\"simple-translate-move\" draggable=\"true\">\u00a0<\/div>\n<div class=\"simple-translate-result-contents\">\n<p class=\"simple-translate-result\" dir=\"auto\">\u00a0<\/p>\n<p class=\"simple-translate-candidate\" dir=\"auto\">\u00a0<\/p>\n<\/div>\n<\/div>\n<\/div>\n<\/div>\n<\/div>\t\t\t\t\t\t\t\t<\/div>\n\t\t\t\t<\/div>\n\t\t\t\t<div class=\"elementor-element elementor-element-836bfff elementor-widget elementor-widget-text-editor\" data-id=\"836bfff\" data-element_type=\"widget\" data-e-type=\"widget\" data-widget_type=\"text-editor.default\">\n\t\t\t\t<div class=\"elementor-widget-container\">\n\t\t\t\t\t\t\t\t\t<div class=\"cc-m-hgrid-column last\"><div id=\"cc-matrix-2685623199\"><div id=\"cc-m-10638803099\" class=\"j-module n j-text \"><p>Es ist nat\u00fcrlich ebenso m\u00f6glich deine \u00c4rtzin\/Arzt oder Psychotherapeut\/In zu fragen, ob K\u00f6rperarbeit dich zur Zeit unterst\u00fctzen kann.<\/p><p>Wichtig:<\/p><p><a title=\"Prozessorientierte K\u00f6rpertherapie\" href=\"..\/index.html\">Prozessorientierte K\u00f6rperarbeit<\/a>\u00a0ersetzt keine notwendige medizinische oder psychiatrische Behandlung, kann diese jedoch begleiten, unterst\u00fctzen und erg\u00e4nzen, im besten Fall in Zusammenarbeit mit behandelnden \u00c4rztInnen\/TherapeutInnen.<\/p><\/div><div id=\"cc-m-11584725299\" class=\"j-module n j-hr \"><hr \/><\/div><\/div><\/div><div class=\"cc-m-hgrid-overlay\" data-display=\"cms-only\">\u00a0<\/div>\t\t\t\t\t\t\t\t<\/div>\n\t\t\t\t<\/div>\n\t\t\t\t<\/div>\n\t\t\t\t<\/div>\n\t\t","protected":false},"excerpt":{"rendered":"<p>Die Arbeit setzt eine gewisse emotionale und k\u00f6rperliche Belastbarkeit voraus, ebenso Konfliktbereitschaft sowie den Willen und die M\u00f6glichkeit Verantwortung in [&hellip;]<\/p>\n","protected":false},"author":1,"featured_media":0,"parent":65,"menu_order":0,"comment_status":"closed","ping_status":"closed","template":"","meta":{"site-sidebar-layout":"default","site-content-layout":"","ast-site-content-layout":"default","site-content-style":"default","site-sidebar-style":"default","ast-global-header-display":"","ast-banner-title-visibility":"","ast-main-header-display":"","ast-hfb-above-header-display":"","ast-hfb-below-header-display":"","ast-hfb-mobile-header-display":"","site-post-title":"","ast-breadcrumbs-content":"","ast-featured-img":"","footer-sml-layout":"","theme-transparent-header-meta":"","adv-header-id-meta":"","stick-header-meta":"","header-above-stick-meta":"","header-main-stick-meta":"","header-below-stick-meta":"","astra-migrate-meta-layouts":"default","ast-page-background-enabled":"default","ast-page-background-meta":{"desktop":{"background-color":"var(--ast-global-color-4)","background-image":"","background-repeat":"repeat","background-position":"center center","background-size":"auto","background-attachment":"scroll","background-type":"","background-media":"","overlay-type":"","overlay-color":"","overlay-opacity":"","overlay-gradient":""},"tablet":{"background-color":"","background-image":"","background-repeat":"repeat","background-position":"center center","background-size":"auto","background-attachment":"scroll","background-type":"","background-media":"","overlay-type":"","overlay-color":"","overlay-opacity":"","overlay-gradient":""},"mobile":{"background-color":"","background-image":"","background-repeat":"repeat","background-position":"center center","background-size":"auto","background-attachment":"scroll","background-type":"","background-media":"","overlay-type":"","overlay-color":"","overlay-opacity":"","overlay-gradient":""}},"ast-content-background-meta":{"desktop":{"background-color":"var(--ast-global-color-5)","background-image":"","background-repeat":"repeat","background-position":"center center","background-size":"auto","background-attachment":"scroll","background-type":"","background-media":"","overlay-type":"","overlay-color":"","overlay-opacity":"","overlay-gradient":""},"tablet":{"background-color":"var(--ast-global-color-5)","background-image":"","background-repeat":"repeat","background-position":"center center","background-size":"auto","background-attachment":"scroll","background-type":"","background-media":"","overlay-type":"","overlay-color":"","overlay-opacity":"","overlay-gradient":""},"mobile":{"background-color":"var(--ast-global-color-5)","background-image":"","background-repeat":"repeat","background-position":"center center","background-size":"auto","background-attachment":"scroll","background-type":"","background-media":"","overlay-type":"","overlay-color":"","overlay-opacity":"","overlay-gradient":""}},"_kadence_starter_templates_imported_post":false,"footnotes":""},"class_list":["post-68","page","type-page","status-publish","hentry"],"_links":{"self":[{"href":"https:\/\/raum-fuer-koerperarbeit.de\/index.php\/wp-json\/wp\/v2\/pages\/68","targetHints":{"allow":["GET"]}}],"collection":[{"href":"https:\/\/raum-fuer-koerperarbeit.de\/index.php\/wp-json\/wp\/v2\/pages"}],"about":[{"href":"https:\/\/raum-fuer-koerperarbeit.de\/index.php\/wp-json\/wp\/v2\/types\/page"}],"author":[{"embeddable":true,"href":"https:\/\/raum-fuer-koerperarbeit.de\/index.php\/wp-json\/wp\/v2\/users\/1"}],"replies":[{"embeddable":true,"href":"https:\/\/raum-fuer-koerperarbeit.de\/index.php\/wp-json\/wp\/v2\/comments?post=68"}],"version-history":[{"count":33,"href":"https:\/\/raum-fuer-koerperarbeit.de\/index.php\/wp-json\/wp\/v2\/pages\/68\/revisions"}],"predecessor-version":[{"id":443,"href":"https:\/\/raum-fuer-koerperarbeit.de\/index.php\/wp-json\/wp\/v2\/pages\/68\/revisions\/443"}],"up":[{"embeddable":true,"href":"https:\/\/raum-fuer-koerperarbeit.de\/index.php\/wp-json\/wp\/v2\/pages\/65"}],"wp:attachment":[{"href":"https:\/\/raum-fuer-koerperarbeit.de\/index.php\/wp-json\/wp\/v2\/media?parent=68"}],"curies":[{"name":"wp","href":"https:\/\/api.w.org\/{rel}","templated":true}]}}