{"id":65,"date":"2024-10-14T02:39:39","date_gmt":"2024-10-14T00:39:39","guid":{"rendered":"https:\/\/raum-fuer-koerperarbeit.de\/?page_id=65"},"modified":"2024-10-25T15:13:39","modified_gmt":"2024-10-25T13:13:39","slug":"prozessorientierte-koerperarbeit","status":"publish","type":"page","link":"https:\/\/raum-fuer-koerperarbeit.de\/index.php\/prozessorientierte-koerperarbeit\/","title":{"rendered":"Prozessorientierte K\u00f6rperarbeit"},"content":{"rendered":"\t\t<div data-elementor-type=\"wp-page\" data-elementor-id=\"65\" class=\"elementor elementor-65\" data-elementor-post-type=\"page\">\n\t\t\t\t<div class=\"elementor-element elementor-element-7ce493f e-flex e-con-boxed e-con e-parent\" data-id=\"7ce493f\" data-element_type=\"container\" data-e-type=\"container\">\n\t\t\t\t\t<div class=\"e-con-inner\">\n\t\t\t\t<div class=\"elementor-element elementor-element-cc534d4 elementor-widget elementor-widget-image\" data-id=\"cc534d4\" data-element_type=\"widget\" data-e-type=\"widget\" data-widget_type=\"image.default\">\n\t\t\t\t<div class=\"elementor-widget-container\">\n\t\t\t\t\t\t\t\t\t\t\t\t\t\t\t<img fetchpriority=\"high\" decoding=\"async\" width=\"1024\" height=\"264\" src=\"https:\/\/raum-fuer-koerperarbeit.de\/wp-content\/uploads\/2024\/10\/BackgroundAUSSCHNITT-1-1024x264.webp\" class=\"attachment-large size-large wp-image-134\" alt=\"\" srcset=\"https:\/\/raum-fuer-koerperarbeit.de\/wp-content\/uploads\/2024\/10\/BackgroundAUSSCHNITT-1-1024x264.webp 1024w, https:\/\/raum-fuer-koerperarbeit.de\/wp-content\/uploads\/2024\/10\/BackgroundAUSSCHNITT-1-300x77.webp 300w, https:\/\/raum-fuer-koerperarbeit.de\/wp-content\/uploads\/2024\/10\/BackgroundAUSSCHNITT-1-768x198.webp 768w, https:\/\/raum-fuer-koerperarbeit.de\/wp-content\/uploads\/2024\/10\/BackgroundAUSSCHNITT-1-1536x396.webp 1536w, https:\/\/raum-fuer-koerperarbeit.de\/wp-content\/uploads\/2024\/10\/BackgroundAUSSCHNITT-1.webp 1645w\" sizes=\"(max-width: 1024px) 100vw, 1024px\" \/>\t\t\t\t\t\t\t\t\t\t\t\t\t\t\t<\/div>\n\t\t\t\t<\/div>\n\t\t\t\t\t<\/div>\n\t\t\t\t<\/div>\n\t\t<div class=\"elementor-element elementor-element-c6b93c1 e-con-full e-flex e-con e-parent\" data-id=\"c6b93c1\" data-element_type=\"container\" data-e-type=\"container\">\n\t\t<div class=\"elementor-element elementor-element-e3d1bb9 e-con-full e-flex e-con e-child\" data-id=\"e3d1bb9\" data-element_type=\"container\" data-e-type=\"container\">\n\t\t\t\t<div class=\"elementor-element elementor-element-3818fc1 elementor-widget elementor-widget-text-editor\" data-id=\"3818fc1\" data-element_type=\"widget\" data-e-type=\"widget\" data-widget_type=\"text-editor.default\">\n\t\t\t\t<div class=\"elementor-widget-container\">\n\t\t\t\t\t\t\t\t\t<h2 id=\"cc-m-header-11217249699\" class=\"wp-block-heading\">K\u00f6rper<\/h2>\n<p>Was wir erleben, empfinden wir im K\u00f6rper und findet Ausdruck \u00fcber unseren K\u00f6rper \u2013 in seiner Haltung, der K\u00f6rperspannung, der Atmung, der Stimme. Unser K\u00f6rper speichert und spiegelt s\u00e4mtliche Erfahrungen unseres Lebens.<\/p>\n<p>Wir halten (meist unbewusst) unseren K\u00f6rper auf eine bestimmte Art, die auch verschiedene Abwehr- bzw. \u00dcberlebensreaktionen beinhaltet.<\/p>\n<p>In einer Situation von \u00dcberw\u00e4ltigung sch\u00fctzt uns eine solche Reaktion vor den zu intensiven unangenehmen Empfindungen wie Schmerz, Angst oder Ekel. Wir drosseln unsere Empfindsamkeit, um zu \u00fcberleben: Indem wir unseren K\u00f6rper weniger sp\u00fcren, werden auch die Empfindungen ausgeblendet oder zumindest abgeschw\u00e4cht.<\/p>\n<p>Gibt es sp\u00e4ter in einem wieder sicheren Rahmen, die M\u00f6glichkeit diese Gef\u00fchle alle \u201edurchzuf\u00fchlen\u201c, kommen wir damit wieder in unsere Mitte und sind um eine Erfahrung reicher, die uns hat wachsen lassen.<\/p>\n<p>Kann das Erlebte nicht oder nicht vollst\u00e4ndig auf diese \u201edurchf\u00fchlende\u201c Art verarbeitet werden, bleibt es im K\u00f6rper wie eingefroren.<\/p>\n<p>Auf k\u00f6rperlicher Ebene bedeutet das eine Einschr\u00e4nkung in der Funktion des Nervensystems, der Bewegungsfreiheit und des Energieflusses. Es bilden sich Staus und Blockaden sowie Bereiche von Energiemangel, die sich in Verspannungen und Schmerzen, dem Verlust von Lebendigkeit und (auch psychischen)\u00a0 Symptomen verschiedenster Art \u00e4u\u00dfern k\u00f6nnen.<\/p>\n<p>Eingefroren sind darin aber auch die \u00dcberzeugungen und Schlussfolgerungen, die wir aus unseren Erfahrungen gezogen haben und die unser gesamtes Erleben und Wahrnehmen bis heute filtern und beeinflussen \u2013 auch wenn sie unserer Geschichte angeh\u00f6ren und uns heute nur noch einschr\u00e4nken.<\/p>\n<h2 id=\"cc-m-header-11217250599\" class=\"wp-block-heading\">L\u00f6sen<\/h2>\n<p>So stellt im Grunde jede Extra-Anspannung oder auch das sich tot Stellen, einen Widerstand gegen eine Erfahrung dar, der solange im K\u00f6rper gehalten wird, bis wir erlauben, diese Erfahrung zu machen. Dieses geschieht, wenn wir zustimmen und loslassen.<\/p>\n<p>In dem Augenblick, in dem wir das tun und uns der Erfahrung hingeben, geben wir den Schutzmechanismus auf und das, wovor er uns gesch\u00fctzt hat, kann sich aus den Zellen l\u00f6sen. Die Geschichte, die wir noch mit uns tragen, wird sozusagen vollendet. Die Energie, die vorher eingefroren war, kommt ins Flie\u00dfen. Der K\u00f6rper kann arbeiten und sich ausgleichen. Das kann sich in Empfindungen wie Kribbeln, W\u00e4rme oder K\u00e4lte, Flie\u00dfen, Schwere, in Schwitzen, Bewegungen etc. zeigen.<\/p>\n<div id=\"simple-translate\" class=\"simple-translate-system-theme\">\n<div>\n<div class=\"simple-translate-button isShow\" style=\"background-image: url('moz-extension:\/\/8fe8c9ef-862b-45d3-a86c-237f733cfa22\/icons\/512.png'); height: 22px; width: 22px; top: 33px; left: -5px;\">\u00a0<\/div>\n<div class=\"simple-translate-panel \" style=\"width: 300px; height: 200px; top: 0px; left: 0px; font-size: 13px;\">\n<div class=\"simple-translate-result-wrapper\" style=\"overflow: hidden;\">\n<div class=\"simple-translate-move\" draggable=\"true\">\u00a0<\/div>\n<div class=\"simple-translate-result-contents\">\n<p class=\"simple-translate-result\" dir=\"auto\">\u00a0<\/p>\n<p class=\"simple-translate-candidate\" dir=\"auto\">\u00a0<\/p>\n<\/div>\n<\/div>\n<\/div>\n<\/div>\n<\/div>\t\t\t\t\t\t\t\t<\/div>\n\t\t\t\t<\/div>\n\t\t\t\t<\/div>\n\t\t<div class=\"elementor-element elementor-element-26a8a16 e-con-full e-flex e-con e-child\" data-id=\"26a8a16\" data-element_type=\"container\" data-e-type=\"container\">\n\t\t\t\t<\/div>\n\t\t<div class=\"elementor-element elementor-element-ecb7464 e-con-full e-flex e-con e-child\" data-id=\"ecb7464\" data-element_type=\"container\" data-e-type=\"container\">\n\t\t\t\t<div class=\"elementor-element elementor-element-a3f9807 elementor-widget__width-initial elementor-widget elementor-widget-text-editor\" data-id=\"a3f9807\" data-element_type=\"widget\" data-e-type=\"widget\" data-widget_type=\"text-editor.default\">\n\t\t\t\t<div class=\"elementor-widget-container\">\n\t\t\t\t\t\t\t\t\t<p><br \/><br \/>In der Arbeit geht es vor allem darum, sich mit sich selbst zu verbinden und den Raum in seinem K\u00f6rper mehr und mehr einzunehmen. Im Grunde bedeutet dieser Prozess des sich wieder mit sich Verbindens ein nach Hause kommen. Nach Hause zu sich selbst. Dabei wachsen Aufmerksamkeit, Wahrnehmung und Pr\u00e4senz sowie Lebendigkeit und Klarheit.<\/p>\n<p>\u201eProzessorientiert\u201c meint, dass in der Arbeit immer der gegen-w\u00e4rtige Augenblick anerkannt wird und das, was sich gerade dann zeigt.<\/p>\n<p>Wir sind in dieser Gesellschaft so sehr darauf geeicht worden Ziele zu erreichen, dass der Weg dorthin so gut wie nicht z\u00e4hlt. Als seien wir erst etwas wert, wenn etwas Bestimmtes erreicht ist. Und zwar \u201edas Richtige\u201c. Was auch immer das sein mag.<\/p>\n<p>Auf der Strecke bleibt damit nicht nur unsere Lebendigkeit und unser Wachstum. Wir verpassen dabei tats\u00e4chlich uns selbst.<\/p>\n<p>Das Leben und mit ihm s\u00e4mtliche Empfindungen und Emotionen sind Energie in Bewegung. Es ist ein st\u00e4ndiger Wandlungs-prozess. Ein Prozess, in dem wir Empfindungen und Emotionen verwandeln und damit uns selbst.<\/p>\n<p>Auf dem Weg zeigt sich immer das, was gerade dran ist. Wir k\u00f6nnen vertrauen, dass sich immer genau so viel l\u00f6st, wie wir in verdauen k\u00f6nnen.<\/p>\n<p>Das, was entsteht, wird nicht vorgegeben, sondern erw\u00e4chst aus uns selbst.<\/p>\n<h2 id=\"cc-m-header-13264634599\" class=\"wp-block-heading\">Verbindung und Wandlung<\/h2>\n<p>Wesentlichster Aspekt dieser Arbeit ist die bewusste Verbindung mit dem K\u00f6rper. Der gesamte Erfahrungsreichtum des K\u00f6rpers und dar\u00fcber die Verbindung mit unserer inneren Weisheit geht weit \u00fcber die blo\u00dfe Erkenntnisf\u00e4higkeit des Verstandes hinaus.<\/p>\n<p>Im F\u00fchlen dessen, was ist verwandelt sich die Energie; verwandeln wir das, was in uns eingesperrt ist und uns seinerseits einsperrt, in Freiheit und Wachstum.<\/p>\n<p>S\u00e4mtliche Ans\u00e4tze in dieser K\u00f6rperarbeit haben also zum Ziel Aufmerksamkeit, Wahrnehmung und Bewusstsein im K\u00f6rper zu erh\u00f6hen. Damit einher geht ein Wachstum an Lebendigkeit, Wohlbefinden und Gesundheit.<\/p>\n<p>Diese Ans\u00e4tze entstammen verschiedensten Richtungen; unter anderem K\u00f6rpertherapien wie der Bioenergetik, der TCM, dem Ayureda, dem\u00a0<a href=\"https:\/\/raum-fuer-koerperarbeit.de\/index.php\/shiatsu\/index.html\">Shiatsu<\/a>\u00a0und Schamanismus sowie Erkenntnissen der neurologischen Forschung.<\/p>\t\t\t\t\t\t\t\t<\/div>\n\t\t\t\t<\/div>\n\t\t\t\t<\/div>\n\t\t\t\t<\/div>\n\t\t\t\t<\/div>\n\t\t","protected":false},"excerpt":{"rendered":"<p>K\u00f6rper Was wir erleben, empfinden wir im K\u00f6rper und findet Ausdruck \u00fcber unseren K\u00f6rper \u2013 in seiner Haltung, der K\u00f6rperspannung, [&hellip;]<\/p>\n","protected":false},"author":1,"featured_media":0,"parent":0,"menu_order":0,"comment_status":"closed","ping_status":"closed","template":"","meta":{"site-sidebar-layout":"default","site-content-layout":"","ast-site-content-layout":"default","site-content-style":"default","site-sidebar-style":"default","ast-global-header-display":"","ast-banner-title-visibility":"","ast-main-header-display":"","ast-hfb-above-header-display":"","ast-hfb-below-header-display":"","ast-hfb-mobile-header-display":"","site-post-title":"","ast-breadcrumbs-content":"","ast-featured-img":"","footer-sml-layout":"","theme-transparent-header-meta":"","adv-header-id-meta":"","stick-header-meta":"","header-above-stick-meta":"","header-main-stick-meta":"","header-below-stick-meta":"","astra-migrate-meta-layouts":"default","ast-page-background-enabled":"default","ast-page-background-meta":{"desktop":{"background-color":"var(--ast-global-color-4)","background-image":"","background-repeat":"repeat","background-position":"center center","background-size":"auto","background-attachment":"scroll","background-type":"","background-media":"","overlay-type":"","overlay-color":"","overlay-opacity":"","overlay-gradient":""},"tablet":{"background-color":"","background-image":"","background-repeat":"repeat","background-position":"center center","background-size":"auto","background-attachment":"scroll","background-type":"","background-media":"","overlay-type":"","overlay-color":"","overlay-opacity":"","overlay-gradient":""},"mobile":{"background-color":"","background-image":"","background-repeat":"repeat","background-position":"center center","background-size":"auto","background-attachment":"scroll","background-type":"","background-media":"","overlay-type":"","overlay-color":"","overlay-opacity":"","overlay-gradient":""}},"ast-content-background-meta":{"desktop":{"background-color":"var(--ast-global-color-5)","background-image":"","background-repeat":"repeat","background-position":"center center","background-size":"auto","background-attachment":"scroll","background-type":"","background-media":"","overlay-type":"","overlay-color":"","overlay-opacity":"","overlay-gradient":""},"tablet":{"background-color":"var(--ast-global-color-5)","background-image":"","background-repeat":"repeat","background-position":"center center","background-size":"auto","background-attachment":"scroll","background-type":"","background-media":"","overlay-type":"","overlay-color":"","overlay-opacity":"","overlay-gradient":""},"mobile":{"background-color":"var(--ast-global-color-5)","background-image":"","background-repeat":"repeat","background-position":"center center","background-size":"auto","background-attachment":"scroll","background-type":"","background-media":"","overlay-type":"","overlay-color":"","overlay-opacity":"","overlay-gradient":""}},"_kadence_starter_templates_imported_post":false,"footnotes":""},"class_list":["post-65","page","type-page","status-publish","hentry"],"_links":{"self":[{"href":"https:\/\/raum-fuer-koerperarbeit.de\/index.php\/wp-json\/wp\/v2\/pages\/65","targetHints":{"allow":["GET"]}}],"collection":[{"href":"https:\/\/raum-fuer-koerperarbeit.de\/index.php\/wp-json\/wp\/v2\/pages"}],"about":[{"href":"https:\/\/raum-fuer-koerperarbeit.de\/index.php\/wp-json\/wp\/v2\/types\/page"}],"author":[{"embeddable":true,"href":"https:\/\/raum-fuer-koerperarbeit.de\/index.php\/wp-json\/wp\/v2\/users\/1"}],"replies":[{"embeddable":true,"href":"https:\/\/raum-fuer-koerperarbeit.de\/index.php\/wp-json\/wp\/v2\/comments?post=65"}],"version-history":[{"count":22,"href":"https:\/\/raum-fuer-koerperarbeit.de\/index.php\/wp-json\/wp\/v2\/pages\/65\/revisions"}],"predecessor-version":[{"id":449,"href":"https:\/\/raum-fuer-koerperarbeit.de\/index.php\/wp-json\/wp\/v2\/pages\/65\/revisions\/449"}],"wp:attachment":[{"href":"https:\/\/raum-fuer-koerperarbeit.de\/index.php\/wp-json\/wp\/v2\/media?parent=65"}],"curies":[{"name":"wp","href":"https:\/\/api.w.org\/{rel}","templated":true}]}}