{"id":61,"date":"2024-10-14T02:34:48","date_gmt":"2024-10-14T00:34:48","guid":{"rendered":"https:\/\/raum-fuer-koerperarbeit.de\/?page_id=61"},"modified":"2024-10-25T15:02:02","modified_gmt":"2024-10-25T13:02:02","slug":"shiatsu-fuer-babys-und-kinder","status":"publish","type":"page","link":"https:\/\/raum-fuer-koerperarbeit.de\/index.php\/shiatsu-2\/shiatsu-fuer-babys-und-kinder\/","title":{"rendered":"Shiatsu f\u00fcr Babys und Kinder"},"content":{"rendered":"\t\t<div data-elementor-type=\"wp-page\" data-elementor-id=\"61\" class=\"elementor elementor-61\">\n\t\t\t\t<div class=\"elementor-element elementor-element-c24ff3c e-flex e-con-boxed e-con e-parent\" data-id=\"c24ff3c\" data-element_type=\"container\" data-e-type=\"container\">\n\t\t\t\t\t<div class=\"e-con-inner\">\n\t\t\t\t<div class=\"elementor-element elementor-element-ec36ad9 elementor-widget elementor-widget-image\" data-id=\"ec36ad9\" data-element_type=\"widget\" data-e-type=\"widget\" data-widget_type=\"image.default\">\n\t\t\t\t<div class=\"elementor-widget-container\">\n\t\t\t\t\t\t\t\t\t\t\t\t\t\t\t<img fetchpriority=\"high\" decoding=\"async\" width=\"1024\" height=\"264\" src=\"https:\/\/raum-fuer-koerperarbeit.de\/wp-content\/uploads\/2024\/10\/BackgroundAUSSCHNITT-1-1024x264.webp\" class=\"attachment-large size-large wp-image-134\" alt=\"\" srcset=\"https:\/\/raum-fuer-koerperarbeit.de\/wp-content\/uploads\/2024\/10\/BackgroundAUSSCHNITT-1-1024x264.webp 1024w, https:\/\/raum-fuer-koerperarbeit.de\/wp-content\/uploads\/2024\/10\/BackgroundAUSSCHNITT-1-300x77.webp 300w, https:\/\/raum-fuer-koerperarbeit.de\/wp-content\/uploads\/2024\/10\/BackgroundAUSSCHNITT-1-768x198.webp 768w, https:\/\/raum-fuer-koerperarbeit.de\/wp-content\/uploads\/2024\/10\/BackgroundAUSSCHNITT-1-1536x396.webp 1536w, https:\/\/raum-fuer-koerperarbeit.de\/wp-content\/uploads\/2024\/10\/BackgroundAUSSCHNITT-1.webp 1645w\" sizes=\"(max-width: 1024px) 100vw, 1024px\" \/>\t\t\t\t\t\t\t\t\t\t\t\t\t\t\t<\/div>\n\t\t\t\t<\/div>\n\t\t\t\t\t<\/div>\n\t\t\t\t<\/div>\n\t\t<div class=\"elementor-element elementor-element-964e8bc e-grid e-con-full e-con e-parent\" data-id=\"964e8bc\" data-element_type=\"container\" data-e-type=\"container\">\n\t\t\t\t<div class=\"elementor-element elementor-element-3476261 elementor-widget elementor-widget-text-editor\" data-id=\"3476261\" data-element_type=\"widget\" data-e-type=\"widget\" data-widget_type=\"text-editor.default\">\n\t\t\t\t<div class=\"elementor-widget-container\">\n\t\t\t\t\t\t\t\t\t<div id=\"cc-m-11584905699\" class=\"j-module n j-text \">\n<p>Die Kinderjahre unseres Lebens und die Entwicklungsschritte, die wir in ihnen durchlaufen, beeinflussen ganz wesentlich, wie wir sp\u00e4ter durchs Leben gehen.<\/p>\n<p>Sie erm\u00f6glichen uns in unserem K\u00f6rper zu Hause zu sein &#8211; uns willkommen und angenommen zu f\u00fchlen, uns aufzurichten, die Welt zu erfahren und zu entdecken, mit dem Leben zu kommunizieren und auseinanderzusetzen. Sie sind wie die Erde, auf der wir neugierig, lebendig und kreativ ein Leben lang wachsen.<\/p>\n<p>\u00a0<\/p>\n<p>Es ist sch\u00f6n, wenn diese Zeit gl\u00fccklich verl\u00e4uft, aber schon den Kleinsten begegnen Schwierigkeiten oder sind ihnen schon mitgegeben.<\/p>\n<p>Shiatsu und seine einzigartige Art der Ber\u00fchrung erm\u00f6glichen die Erfahrung von Sicherheit und Geborgenheit, was auch f\u00fcr die<\/p>\n<\/div>\n<div id=\"cc-m-11744153199\" class=\"j-module n j-spacing \">\n<div class=\"cc-m-spacer\">\u00a0<\/div>\n<\/div>\n<div id=\"cc-m-11744162299\" class=\"j-module n j-imageSubtitle \">\n<figure class=\"cc-imagewrapper cc-m-image-align-3\"><img decoding=\"async\" id=\"cc-m-imagesubtitle-image-11744162299\" class=\"aligncenter\" src=\"https:\/\/image.jimcdn.com\/app\/cms\/image\/transf\/dimension=426x10000:format=jpg\/path\/sf5567c3acc9f189f\/image\/i6a3caaf8efb71ec7\/version\/1498241139\/image.jpg\" sizes=\"(min-width: 426px) 426px, 100vw\" srcset=\"https:\/\/image.jimcdn.com\/app\/cms\/image\/transf\/dimension=320x10000:format=jpg\/path\/sf5567c3acc9f189f\/image\/i6a3caaf8efb71ec7\/version\/1498241139\/image.jpg 320w, https:\/\/image.jimcdn.com\/app\/cms\/image\/transf\/dimension=426x10000:format=jpg\/path\/sf5567c3acc9f189f\/image\/i6a3caaf8efb71ec7\/version\/1498241139\/image.jpg 426w, https:\/\/image.jimcdn.com\/app\/cms\/image\/transf\/dimension=640x10000:format=jpg\/path\/sf5567c3acc9f189f\/image\/i6a3caaf8efb71ec7\/version\/1498241139\/image.jpg 640w, https:\/\/image.jimcdn.com\/app\/cms\/image\/transf\/dimension=852x10000:format=jpg\/path\/sf5567c3acc9f189f\/image\/i6a3caaf8efb71ec7\/version\/1498241139\/image.jpg 852w\" alt=\"\" data-src-width=\"2604\" data-src-height=\"1936\" data-src=\"https:\/\/image.jimcdn.com\/app\/cms\/image\/transf\/dimension=426x10000:format=jpg\/path\/sf5567c3acc9f189f\/image\/i6a3caaf8efb71ec7\/version\/1498241139\/image.jpg\" data-image-id=\"7684068099\" \/><\/figure>\n<\/div>\t\t\t\t\t\t\t\t<\/div>\n\t\t\t\t<\/div>\n\t\t\t\t<div class=\"elementor-element elementor-element-442c7d1 elementor-widget elementor-widget-text-editor\" data-id=\"442c7d1\" data-element_type=\"widget\" data-e-type=\"widget\" data-widget_type=\"text-editor.default\">\n\t\t\t\t<div class=\"elementor-widget-container\">\n\t\t\t\t\t\t\t\t\t<div id=\"cc-m-11744153899\" class=\"j-module n j-text \">\n<p>Kleinsten die Voraussetzung f\u00fcr Ausgleich und Heilung ist und der beste Boden f\u00fcr ein gesundes Wachstum auf allen Ebenen.<\/p>\n<p>Ganz konkret kann Shiatsu unterst\u00fctzen bei Schwierigkeiten wie beispielsweise Unruhe, Schlaf- und Verdauungsproblemen oder h\u00e4ufigem\/andauerndem Schreien.<\/p>\n<p>Es erm\u00f6glicht Kindern auch (Erwachsenen im \u00dcbrigen ebenfalls), vers\u00e4umte Entwicklungsschritte nachzureifen.<\/p>\n<\/div>\n<div id=\"cc-m-11744168099\" class=\"j-module n j-spacing \">\n<div class=\"cc-m-spacer\">\u00a0<\/div>\n<\/div>\n<div id=\"cc-m-11744168799\" class=\"j-module n j-header \">\n<h2 id=\"cc-m-header-11744168799\" class=\"\">Behandlung<\/h2>\n<\/div>\n<div id=\"cc-m-11744169599\" class=\"j-module n j-text \">\n<p>Die Arbeit mit Shiatsu folgt immer dem, was sich zeigt.<\/p>\n<p>Es kann auch sein, dass dein Kind zu der Zeit, die wir verabredet haben, nicht bereit ist f\u00fcr eine Behandlung.<\/p>\n<p>Das wird unbedingt respektiert und bedeutet auch nicht automatisch, dass du vergebens gekommen bist. Es gibt m\u00f6glicherweise dennoch Raum f\u00fcr Fragen und Unterst\u00fctzung oder ich zeige dir, wie du selbst Shiatsu anwenden kannst.<\/p>\n<p>Oder du bekommst selbst ein bisschen Shiatsu.<\/p>\n<p>Auch f\u00fcr Eltern ist Shiatsu eine Wohltat und du erh\u00e4ltst gleich-zeitig einen Eindruck davon, wie es sich f\u00fcr dein Kind anf\u00fchlt.<\/p>\n<p>Ihr Eltern seid nicht nur die Experten f\u00fcr euer Kind, es ist f\u00fcr euer Kind auch entscheidend, wie es euch geht.<\/p>\n<p>&#8222;Gl\u00fcckliche Eltern, gl\u00fcckliches Kind.&#8220; lautet ein japanisches Sprichwort und es ist grunds\u00e4tzlich wert in sich zu sp\u00fcren, ob man nicht selbst Unterst\u00fctzung br\u00e4uchte.<\/p>\n<\/div>\t\t\t\t\t\t\t\t<\/div>\n\t\t\t\t<\/div>\n\t\t\t\t<\/div>\n\t\t\t\t<\/div>\n\t\t","protected":false},"excerpt":{"rendered":"<p>Die Kinderjahre unseres Lebens und die Entwicklungsschritte, die wir in ihnen durchlaufen, beeinflussen ganz wesentlich, wie wir sp\u00e4ter durchs Leben [&hellip;]<\/p>\n","protected":false},"author":1,"featured_media":0,"parent":53,"menu_order":0,"comment_status":"closed","ping_status":"closed","template":"","meta":{"site-sidebar-layout":"default","site-content-layout":"","ast-site-content-layout":"default","site-content-style":"default","site-sidebar-style":"default","ast-global-header-display":"","ast-banner-title-visibility":"","ast-main-header-display":"","ast-hfb-above-header-display":"","ast-hfb-below-header-display":"","ast-hfb-mobile-header-display":"","site-post-title":"","ast-breadcrumbs-content":"","ast-featured-img":"","footer-sml-layout":"","theme-transparent-header-meta":"","adv-header-id-meta":"","stick-header-meta":"","header-above-stick-meta":"","header-main-stick-meta":"","header-below-stick-meta":"","astra-migrate-meta-layouts":"default","ast-page-background-enabled":"default","ast-page-background-meta":{"desktop":{"background-color":"var(--ast-global-color-4)","background-image":"","background-repeat":"repeat","background-position":"center center","background-size":"auto","background-attachment":"scroll","background-type":"","background-media":"","overlay-type":"","overlay-color":"","overlay-opacity":"","overlay-gradient":""},"tablet":{"background-color":"","background-image":"","background-repeat":"repeat","background-position":"center center","background-size":"auto","background-attachment":"scroll","background-type":"","background-media":"","overlay-type":"","overlay-color":"","overlay-opacity":"","overlay-gradient":""},"mobile":{"background-color":"","background-image":"","background-repeat":"repeat","background-position":"center center","background-size":"auto","background-attachment":"scroll","background-type":"","background-media":"","overlay-type":"","overlay-color":"","overlay-opacity":"","overlay-gradient":""}},"ast-content-background-meta":{"desktop":{"background-color":"var(--ast-global-color-5)","background-image":"","background-repeat":"repeat","background-position":"center center","background-size":"auto","background-attachment":"scroll","background-type":"","background-media":"","overlay-type":"","overlay-color":"","overlay-opacity":"","overlay-gradient":""},"tablet":{"background-color":"var(--ast-global-color-5)","background-image":"","background-repeat":"repeat","background-position":"center center","background-size":"auto","background-attachment":"scroll","background-type":"","background-media":"","overlay-type":"","overlay-color":"","overlay-opacity":"","overlay-gradient":""},"mobile":{"background-color":"var(--ast-global-color-5)","background-image":"","background-repeat":"repeat","background-position":"center center","background-size":"auto","background-attachment":"scroll","background-type":"","background-media":"","overlay-type":"","overlay-color":"","overlay-opacity":"","overlay-gradient":""}},"_kadence_starter_templates_imported_post":false,"footnotes":""},"class_list":["post-61","page","type-page","status-publish","hentry"],"_links":{"self":[{"href":"https:\/\/raum-fuer-koerperarbeit.de\/index.php\/wp-json\/wp\/v2\/pages\/61","targetHints":{"allow":["GET"]}}],"collection":[{"href":"https:\/\/raum-fuer-koerperarbeit.de\/index.php\/wp-json\/wp\/v2\/pages"}],"about":[{"href":"https:\/\/raum-fuer-koerperarbeit.de\/index.php\/wp-json\/wp\/v2\/types\/page"}],"author":[{"embeddable":true,"href":"https:\/\/raum-fuer-koerperarbeit.de\/index.php\/wp-json\/wp\/v2\/users\/1"}],"replies":[{"embeddable":true,"href":"https:\/\/raum-fuer-koerperarbeit.de\/index.php\/wp-json\/wp\/v2\/comments?post=61"}],"version-history":[{"count":16,"href":"https:\/\/raum-fuer-koerperarbeit.de\/index.php\/wp-json\/wp\/v2\/pages\/61\/revisions"}],"predecessor-version":[{"id":425,"href":"https:\/\/raum-fuer-koerperarbeit.de\/index.php\/wp-json\/wp\/v2\/pages\/61\/revisions\/425"}],"up":[{"embeddable":true,"href":"https:\/\/raum-fuer-koerperarbeit.de\/index.php\/wp-json\/wp\/v2\/pages\/53"}],"wp:attachment":[{"href":"https:\/\/raum-fuer-koerperarbeit.de\/index.php\/wp-json\/wp\/v2\/media?parent=61"}],"curies":[{"name":"wp","href":"https:\/\/api.w.org\/{rel}","templated":true}]}}