{"id":10,"date":"2024-10-13T23:51:44","date_gmt":"2024-10-13T21:51:44","guid":{"rendered":"https:\/\/raum-fuer-koerperarbeit.de\/?page_id=10"},"modified":"2024-11-16T18:24:46","modified_gmt":"2024-11-16T17:24:46","slug":"start","status":"publish","type":"page","link":"https:\/\/raum-fuer-koerperarbeit.de\/","title":{"rendered":"Start"},"content":{"rendered":"\t\t<div data-elementor-type=\"wp-page\" data-elementor-id=\"10\" class=\"elementor elementor-10\">\n\t\t\t\t<div class=\"elementor-element elementor-element-56f5255c e-con-full e-flex e-con e-parent\" data-id=\"56f5255c\" data-element_type=\"container\" data-e-type=\"container\">\n\t\t\t\t<div class=\"elementor-element elementor-element-6eba340f elementor-widget elementor-widget-text-editor\" data-id=\"6eba340f\" data-element_type=\"widget\" data-e-type=\"widget\" data-widget_type=\"text-editor.default\">\n\t\t\t\t<div class=\"elementor-widget-container\">\n\t\t\t\t\t\t\t\t\t\n<figure class=\"wp-block-image size-large\"><img fetchpriority=\"high\" decoding=\"async\" width=\"1024\" height=\"264\" class=\"wp-image-137\" src=\"https:\/\/raum-fuer-koerperarbeit.de\/wp-content\/uploads\/2024\/10\/BackgroundAUSSCHNITT-2-1024x264.webp\" alt=\"\" srcset=\"https:\/\/raum-fuer-koerperarbeit.de\/wp-content\/uploads\/2024\/10\/BackgroundAUSSCHNITT-2-1024x264.webp 1024w, https:\/\/raum-fuer-koerperarbeit.de\/wp-content\/uploads\/2024\/10\/BackgroundAUSSCHNITT-2-300x77.webp 300w, https:\/\/raum-fuer-koerperarbeit.de\/wp-content\/uploads\/2024\/10\/BackgroundAUSSCHNITT-2-768x198.webp 768w, https:\/\/raum-fuer-koerperarbeit.de\/wp-content\/uploads\/2024\/10\/BackgroundAUSSCHNITT-2-1536x396.webp 1536w, https:\/\/raum-fuer-koerperarbeit.de\/wp-content\/uploads\/2024\/10\/BackgroundAUSSCHNITT-2.webp 1645w\" sizes=\"(max-width: 1024px) 100vw, 1024px\" \/><\/figure>\n\n<p>\u00a0<\/p>\n<h6 class=\"has-medium-font-size\" style=\"text-align: center;\"><span style=\"font-size: 24pt;\"><strong>K\u00f6rperarbeit f\u00fcr die Seele<\/strong><\/span><\/h6>\n<p class=\"has-medium-font-size\" style=\"text-align: center;\"><strong>prozessorientierte K\u00f6rperarbeit &amp; Shiatsu<\/strong><\/p>\n<p class=\"has-medium-font-size\" style=\"text-align: left;\">Was auch immer wir erleben, empfinden wir in unserem K\u00f6rper. So wird \u00fcber den K\u00f6rper auch jeder Bereich unseres Lebens ber\u00fchrt. Unser K\u00f6rper zeigt auf eine unmittelbare Art, ob etwas gesund und gl\u00fccklich macht oder nicht. Wenn wir ihn lassen, gleicht er sich nat\u00fcrlicherweise st\u00e4ndig aus, der stetigen Bewegung und Ver\u00e4nderung des Lebens angepasst. Je anwesender und bewusster wir in ihm sind, um so klarer und tiefer ist unsere Wahrnehmung und um so freier sind wir, wir selbst zu sein und unsere Seele voll zum Ausdruck zu bringen.<\/p>\n<p class=\"has-medium-font-size\" style=\"text-align: left;\">\u00dcber unseren K\u00f6rper finden wir zu uns. Nach einer Sitzung gehst du anders, als du gekommen bist \u2013 mehr du selbst, freier, pr\u00e4senter in deinem K\u00f6rper, im Augenblick, im Leben.<\/p>\n<hr class=\"wp-block-separator has-alpha-channel-opacity is-style-wide\" \/>\n<p class=\"has-text-align-right has-medium-font-size\" style=\"text-align: center;\"><strong>&#8222;Der K\u00f6rper ist der \u00dcbersetzer der Seele ins Sichtbare.&#8220;<\/strong><\/p>\n\n<p class=\"has-text-align-right has-small-font-size\" style=\"text-align: center;\">Christian Morgenstern \u00a0<\/p>\n\t\t\t\t\t\t\t\t<\/div>\n\t\t\t\t<\/div>\n\t\t\t\t<\/div>\n\t\t\t\t<\/div>\n\t\t","protected":false},"excerpt":{"rendered":"<p>\u00a0 K\u00f6rperarbeit f\u00fcr die Seele prozessorientierte K\u00f6rperarbeit &amp; Shiatsu Was auch immer wir erleben, empfinden wir in unserem K\u00f6rper. So [&hellip;]<\/p>\n","protected":false},"author":1,"featured_media":0,"parent":0,"menu_order":0,"comment_status":"closed","ping_status":"closed","template":"","meta":{"site-sidebar-layout":"default","site-content-layout":"","ast-site-content-layout":"default","site-content-style":"default","site-sidebar-style":"default","ast-global-header-display":"","ast-banner-title-visibility":"","ast-main-header-display":"","ast-hfb-above-header-display":"","ast-hfb-below-header-display":"","ast-hfb-mobile-header-display":"","site-post-title":"disabled","ast-breadcrumbs-content":"","ast-featured-img":"","footer-sml-layout":"","theme-transparent-header-meta":"","adv-header-id-meta":"","stick-header-meta":"","header-above-stick-meta":"","header-main-stick-meta":"","header-below-stick-meta":"","astra-migrate-meta-layouts":"default","ast-page-background-enabled":"default","ast-page-background-meta":{"desktop":{"background-color":"var(--ast-global-color-4)","background-image":"","background-repeat":"repeat","background-position":"center center","background-size":"auto","background-attachment":"scroll","background-type":"","background-media":"","overlay-type":"","overlay-color":"","overlay-opacity":"","overlay-gradient":""},"tablet":{"background-color":"","background-image":"","background-repeat":"repeat","background-position":"center center","background-size":"auto","background-attachment":"scroll","background-type":"","background-media":"","overlay-type":"","overlay-color":"","overlay-opacity":"","overlay-gradient":""},"mobile":{"background-color":"","background-image":"","background-repeat":"repeat","background-position":"center center","background-size":"auto","background-attachment":"scroll","background-type":"","background-media":"","overlay-type":"","overlay-color":"","overlay-opacity":"","overlay-gradient":""}},"ast-content-background-meta":{"desktop":{"background-color":"var(--ast-global-color-5)","background-image":"","background-repeat":"repeat","background-position":"center center","background-size":"auto","background-attachment":"scroll","background-type":"","background-media":"","overlay-type":"","overlay-color":"","overlay-opacity":"","overlay-gradient":""},"tablet":{"background-color":"var(--ast-global-color-5)","background-image":"","background-repeat":"repeat","background-position":"center center","background-size":"auto","background-attachment":"scroll","background-type":"","background-media":"","overlay-type":"","overlay-color":"","overlay-opacity":"","overlay-gradient":""},"mobile":{"background-color":"var(--ast-global-color-5)","background-image":"","background-repeat":"repeat","background-position":"center center","background-size":"auto","background-attachment":"scroll","background-type":"","background-media":"","overlay-type":"","overlay-color":"","overlay-opacity":"","overlay-gradient":""}},"_kadence_starter_templates_imported_post":false,"footnotes":""},"class_list":["post-10","page","type-page","status-publish","hentry"],"_links":{"self":[{"href":"https:\/\/raum-fuer-koerperarbeit.de\/index.php\/wp-json\/wp\/v2\/pages\/10","targetHints":{"allow":["GET"]}}],"collection":[{"href":"https:\/\/raum-fuer-koerperarbeit.de\/index.php\/wp-json\/wp\/v2\/pages"}],"about":[{"href":"https:\/\/raum-fuer-koerperarbeit.de\/index.php\/wp-json\/wp\/v2\/types\/page"}],"author":[{"embeddable":true,"href":"https:\/\/raum-fuer-koerperarbeit.de\/index.php\/wp-json\/wp\/v2\/users\/1"}],"replies":[{"embeddable":true,"href":"https:\/\/raum-fuer-koerperarbeit.de\/index.php\/wp-json\/wp\/v2\/comments?post=10"}],"version-history":[{"count":62,"href":"https:\/\/raum-fuer-koerperarbeit.de\/index.php\/wp-json\/wp\/v2\/pages\/10\/revisions"}],"predecessor-version":[{"id":503,"href":"https:\/\/raum-fuer-koerperarbeit.de\/index.php\/wp-json\/wp\/v2\/pages\/10\/revisions\/503"}],"wp:attachment":[{"href":"https:\/\/raum-fuer-koerperarbeit.de\/index.php\/wp-json\/wp\/v2\/media?parent=10"}],"curies":[{"name":"wp","href":"https:\/\/api.w.org\/{rel}","templated":true}]}}